{"id":2535,"date":"2024-01-29T13:03:43","date_gmt":"2024-01-29T12:03:43","guid":{"rendered":"https:\/\/preview.landvanbartje.nu\/?page_id=2535"},"modified":"2026-04-07T11:37:03","modified_gmt":"2026-04-07T10:37:03","slug":"pumptrack-stepjes-en-bmx","status":"publish","type":"page","link":"https:\/\/landvanbartje.nu\/de\/reserveren\/pumptrack-stepjes-en-bmx\/","title":{"rendered":"Pumptrack steps en BMX"},"content":{"rendered":"<div data-elementor-type=\"wp-page\" data-elementor-id=\"2535\" class=\"elementor elementor-2535\" data-elementor-post-type=\"page\">\n\t\t\t\t<div data-particle_enable=\"false\" data-particle-mobile-disabled=\"false\" class=\"elementor-element elementor-element-d49ed5f e-flex e-con-boxed e-con e-parent\" data-id=\"d49ed5f\" data-element_type=\"container\">\n\t\t\t\t\t<div class=\"e-con-inner\">\n\t\t\t\t<div class=\"elementor-element elementor-element-d608e0a elementor-widget elementor-widget-breadcrumbs\" data-id=\"d608e0a\" data-element_type=\"widget\" data-widget_type=\"breadcrumbs.default\">\n\t\t\t\t<div class=\"elementor-widget-container\">\n\t\t\t<nav aria-label=\"breadcrumbs\" class=\"rank-math-breadcrumb\"><p><span class=\"last\">Home<\/span><\/p><\/nav>\t\t<\/div>\n\t\t\t\t<\/div>\n\t\t\t\t\t<\/div>\n\t\t\t\t<\/div>\n\t\t<div data-particle_enable=\"false\" data-particle-mobile-disabled=\"false\" class=\"elementor-element elementor-element-cbfee4d e-con-full e-flex e-con e-parent\" data-id=\"cbfee4d\" data-element_type=\"container\">\n\t\t\t\t<div class=\"elementor-element elementor-element-68fd8d1 elementor-widget__width-inherit elementor-hidden-mobile elementor-widget elementor-widget-eael-image-accordion\" data-id=\"68fd8d1\" data-element_type=\"widget\" data-widget_type=\"eael-image-accordion.default\">\n\t\t\t\t<div class=\"elementor-widget-container\">\n\t\t\t    <div class=\"eael-img-accordion accordion-direction-horizontal eael-img-accordion-horizontal-align-center eael-img-accordion-vertical-align-center\" id=\"eael-img-accordion-68fd8d1\" data-img-accordion-id=\"68fd8d1\" data-img-accordion-type=\"on-hover\">\n                    \n            <div class=\"eael-image-accordion-hover eael-image-accordion-item\" style=\"background-image: url(https:\/\/landvanbartje.nu\/wp-content\/uploads\/2024\/01\/LJE_05_328559-scaled.jpg);\"  tabindex=\"0\">\n                <div class=\"overlay\">\n                    <div class=\"overlay-inner\">\n                        <a href=\"https:\/\/landvanbartje.nu\/de\/reserveren\/mountainbikes\/\"><h5 class=\"img-accordion-title\">MTB<\/h5><\/a>                            <p><p>MTB (Kinder) Fahrr\u00e4der und Helme<\/p><\/p>\n                                            <\/div>\n                <\/div>\n            <\/div>\n                    \n            <div class=\"eael-image-accordion-hover eael-image-accordion-item\" style=\"background-image: url(https:\/\/landvanbartje.nu\/wp-content\/uploads\/2024\/01\/Fietsen-50.jpg);\"  tabindex=\"0\">\n                <div class=\"overlay\">\n                    <div class=\"overlay-inner\">\n                        <a href=\"https:\/\/landvanbartje.nu\/de\/reserveren\/elektrische-en-gewone-fietsen\/\"><h5 class=\"img-accordion-title\">Fahrr\u00e4der<\/h5><\/a>                            <p><p>Elektrofahrr\u00e4der, Kinderfahrr\u00e4der, Lastenr\u00e4der und Tandems<\/p><\/p>\n                                            <\/div>\n                <\/div>\n            <\/div>\n                    \n            <div class=\"eael-image-accordion-hover eael-image-accordion-item\" style=\"background-image: url(https:\/\/landvanbartje.nu\/wp-content\/uploads\/2024\/01\/Skelter-2020-scaled.jpg);\"  tabindex=\"0\">\n                <div class=\"overlay\">\n                    <div class=\"overlay-inner\">\n                        <a href=\"https:\/\/landvanbartje.nu\/de\/reserveren\/kinderfietsen\/\"><h5 class=\"img-accordion-title\">Kinderfahrr\u00e4der<\/h5><\/a>                            <p><p>Kinderfahrr\u00e4der, Kinder-MTB, Sulky, Traktor, Laufband<\/p><\/p>\n                                            <\/div>\n                <\/div>\n            <\/div>\n                    \n            <div class=\"eael-image-accordion-hover eael-image-accordion-item\" style=\"background-image: url(https:\/\/landvanbartje.nu\/wp-content\/uploads\/2024\/01\/bollo-defender.jpg);\"  tabindex=\"0\">\n                <div class=\"overlay\">\n                    <div class=\"overlay-inner\">\n                        <a href=\"https:\/\/landvanbartje.nu\/de\/reserveren\/defender\/\"><h5 class=\"img-accordion-title\">Defender<\/h5><\/a>                            <p><p>Machen Sie Ihren F\u00fchrerschein in einem echten Defender<\/p><\/p>\n                                            <\/div>\n                <\/div>\n            <\/div>\n                    \n            <div class=\"eael-image-accordion-hover eael-image-accordion-item overlay-active\" style=\"background-image: url(https:\/\/landvanbartje.nu\/wp-content\/uploads\/2023\/12\/LJE_05_328192-scaled.jpg); flex: 3 1 0%;\"  tabindex=\"0\">\n                <div class=\"overlay\">\n                    <div class=\"overlay-inner  overlay-inner-show\">\n                        <a href=\"https:\/\/landvanbartje.nu\/de\/reserveren\/pumptrack-stepjes-en-bmx\/\"><h5 class=\"img-accordion-title\">Pumptrack Stuntsteps und BMX<\/h5><\/a>                            <p><p>Alles, was Sie brauchen, um sich auf dem Pumptrack auszutoben<\/p><\/p>\n                                            <\/div>\n                <\/div>\n            <\/div>\n                    \n            <div class=\"eael-image-accordion-hover eael-image-accordion-item\" style=\"background-image: url(https:\/\/landvanbartje.nu\/wp-content\/uploads\/2024\/01\/sulky-beeldbank-3-2021.jpg);\"  tabindex=\"0\">\n                <div class=\"overlay\">\n                    <div class=\"overlay-inner\">\n                        <a href=\"https:\/\/landvanbartje.nu\/de\/reserveren\/specials\/\"><h5 class=\"img-accordion-title\">Specials und Sonstiges<\/h5><\/a>                            <p><p>Familienfahrr\u00e4der, Gokarts, Tandems<\/p><\/p>\n                                            <\/div>\n                <\/div>\n            <\/div>\n                <\/div>\n        <style typr=\"text\/css\">\n                    #eael-img-accordion-68fd8d1 .eael-image-accordion-hover:hover {\n                        flex: 3 1 0% !important;\n                    }\n                    #eael-img-accordion-68fd8d1 .eael-image-accordion-hover:hover:hover .overlay-inner * {\n                        opacity: 1;\n                        visibility: visible;\n                        transform: none;\n                        transition: all .3s .3s;\n                    }\n                <\/style>\t\t<\/div>\n\t\t\t\t<\/div>\n\t\t\t\t<\/div>\n\t\t<div data-particle_enable=\"false\" data-particle-mobile-disabled=\"false\" class=\"elementor-element elementor-element-20398b9 e-flex e-con-boxed e-con e-parent\" data-id=\"20398b9\" data-element_type=\"container\">\n\t\t\t\t\t<div class=\"e-con-inner\">\n\t\t\t\t<div class=\"elementor-element elementor-element-4925536 elementor-widget elementor-widget-text-editor\" data-id=\"4925536\" data-element_type=\"widget\" data-widget_type=\"text-editor.default\">\n\t\t\t\t<div class=\"elementor-widget-container\">\n\t\t\t<style>\/*! elementor - v3.21.0 - 26-05-2024 *\/\n.elementor-widget-text-editor.elementor-drop-cap-view-stacked .elementor-drop-cap{background-color:#69727d;color:#fff}.elementor-widget-text-editor.elementor-drop-cap-view-framed .elementor-drop-cap{color:#69727d;border:3px solid;background-color:transparent}.elementor-widget-text-editor:not(.elementor-drop-cap-view-default) .elementor-drop-cap{margin-top:8px}.elementor-widget-text-editor:not(.elementor-drop-cap-view-default) .elementor-drop-cap-letter{width:1em;height:1em}.elementor-widget-text-editor .elementor-drop-cap{float:left;text-align:center;line-height:1;font-size:50px}.elementor-widget-text-editor .elementor-drop-cap-letter{display:inline-block}<\/style>\t\t\t\t<p>Lekker stunten op een BMX of op een stuntstep. Ontdek de 2 verschillende pumptracks. We hebben er eentje voor de kleintjes en een voor de gevorderden.<\/p><p>Hoe gebruik je een pumptrack? Je maakt snelheid door op het juiste moment je gewicht te gebruiken, zoals je dit bijvoorbeeld ook doet bij het schommelen. Op het juiste moment trek en duw je dus met je benen en armen. Na een beetje oefening kun je de rond zonder af te zetten of bij te trappen.<\/p><p>Let op! Om de juiste snelheid te behalen raden we aan om een step van ons te huren. Een eigen meegebrachte step is minder geschikt en zorgt ervoor dat je schaaft over de baan. Helm en bescherming is verplicht!<\/p>\t\t\t\t\t\t<\/div>\n\t\t\t\t<\/div>\n\t\t\t\t<div class=\"elementor-element elementor-element-c13c7bc elementor-align-center elementor-widget elementor-widget-button\" data-id=\"c13c7bc\" data-element_type=\"widget\" data-widget_type=\"button.default\">\n\t\t\t\t<div class=\"elementor-widget-container\">\n\t\t\t\t\t<div class=\"elementor-button-wrapper\">\n\t\t\t<a class=\"elementor-button elementor-button-link elementor-size-sm\" href=\"https:\/\/landvanbartje.fietsreserveren.nl\/\" target=\"_blank\" rel=\"noopener\">\n\t\t\t\t\t\t<span class=\"elementor-button-content-wrapper\">\n\t\t\t\t\t\t\t\t\t<span class=\"elementor-button-text\">Reserveer online<\/span>\n\t\t\t\t\t<\/span>\n\t\t\t\t\t<\/a>\n\t\t<\/div>\n\t\t\t\t<\/div>\n\t\t\t\t<\/div>\n\t\t\t\t\t<\/div>\n\t\t\t\t<\/div>\n\t\t<div data-particle_enable=\"false\" data-particle-mobile-disabled=\"false\" class=\"elementor-element elementor-element-b57edef e-flex e-con-boxed e-con e-parent\" data-id=\"b57edef\" data-element_type=\"container\">\n\t\t\t\t\t<div class=\"e-con-inner\">\n\t\t<div data-particle_enable=\"false\" data-particle-mobile-disabled=\"false\" class=\"elementor-element elementor-element-bf09820 e-con-full e-flex e-con e-child\" data-id=\"bf09820\" data-element_type=\"container\">\n\t\t\t\t<div class=\"elementor-element elementor-element-38f9e51 elementor-widget elementor-widget-image\" data-id=\"38f9e51\" data-element_type=\"widget\" data-widget_type=\"image.default\">\n\t\t\t\t<div class=\"elementor-widget-container\">\n\t\t\t<style>\/*! elementor - v3.21.0 - 26-05-2024 *\/\n.elementor-widget-image{text-align:center}.elementor-widget-image a{display:inline-block}.elementor-widget-image a img[src$=\".svg\"]{width:48px}.elementor-widget-image img{vertical-align:middle;display:inline-block}<\/style>\t\t\t\t\t\t\t\t\t\t<img fetchpriority=\"high\" decoding=\"async\" width=\"1024\" height=\"683\" src=\"https:\/\/landvanbartje.nu\/wp-content\/uploads\/2024\/01\/LJE_05_328169-1024x683.jpg\" class=\"attachment-large size-large wp-image-2627\" alt=\"\" srcset=\"https:\/\/landvanbartje.nu\/wp-content\/uploads\/2024\/01\/LJE_05_328169-1024x683.jpg 1024w, https:\/\/landvanbartje.nu\/wp-content\/uploads\/2024\/01\/LJE_05_328169-300x200.jpg 300w, https:\/\/landvanbartje.nu\/wp-content\/uploads\/2024\/01\/LJE_05_328169-768x512.jpg 768w, https:\/\/landvanbartje.nu\/wp-content\/uploads\/2024\/01\/LJE_05_328169-1536x1025.jpg 1536w, https:\/\/landvanbartje.nu\/wp-content\/uploads\/2024\/01\/LJE_05_328169-2048x1366.jpg 2048w, https:\/\/landvanbartje.nu\/wp-content\/uploads\/2024\/01\/LJE_05_328169-360x240.jpg 360w, https:\/\/landvanbartje.nu\/wp-content\/uploads\/2024\/01\/LJE_05_328169-600x400.jpg 600w\" sizes=\"(max-width: 1024px) 100vw, 1024px\" \/>\t\t\t\t\t\t\t\t\t\t\t\t\t<\/div>\n\t\t\t\t<\/div>\n\t\t\t\t<\/div>\n\t\t<div data-particle_enable=\"false\" data-particle-mobile-disabled=\"false\" class=\"elementor-element elementor-element-cb77228 e-con-full e-flex e-con e-child\" data-id=\"cb77228\" data-element_type=\"container\">\n\t\t<div data-particle_enable=\"false\" data-particle-mobile-disabled=\"false\" class=\"elementor-element elementor-element-0c4d1f2 e-flex e-con-boxed e-con e-child\" data-id=\"0c4d1f2\" data-element_type=\"container\" data-settings=\"{&quot;background_background&quot;:&quot;classic&quot;,&quot;shape_divider_top&quot;:&quot;tilt&quot;,&quot;shape_divider_bottom&quot;:&quot;tilt&quot;}\">\n\t\t\t\t\t<div class=\"e-con-inner\">\n\t\t\t\t<div class=\"elementor-shape elementor-shape-top\" data-negative=\"false\">\n\t\t\t<svg xmlns=\"http:\/\/www.w3.org\/2000\/svg\" viewbox=\"0 0 1000 100\" preserveaspectratio=\"none\">\n\t<path class=\"elementor-shape-fill\" d=\"M0,6V0h1000v100L0,6z\"\/>\n<\/svg>\t\t<\/div>\n\t\t\t\t<div class=\"elementor-shape elementor-shape-bottom\" data-negative=\"false\">\n\t\t\t<svg xmlns=\"http:\/\/www.w3.org\/2000\/svg\" viewbox=\"0 0 1000 100\" preserveaspectratio=\"none\">\n\t<path class=\"elementor-shape-fill\" d=\"M0,6V0h1000v100L0,6z\"\/>\n<\/svg>\t\t<\/div>\n\t\t\t\t<div class=\"elementor-element elementor-element-d1eca2a elementor-widget__width-initial elementor-widget elementor-widget-heading\" data-id=\"d1eca2a\" data-element_type=\"widget\" data-widget_type=\"heading.default\">\n\t\t\t\t<div class=\"elementor-widget-container\">\n\t\t\t<style>\/*! elementor - v3.21.0 - 26-05-2024 *\/\n.elementor-heading-title{padding:0;margin:0;line-height:1}.elementor-widget-heading .elementor-heading-title[class*=elementor-size-]>a{color:inherit;font-size:inherit;line-height:inherit}.elementor-widget-heading .elementor-heading-title.elementor-size-small{font-size:15px}.elementor-widget-heading .elementor-heading-title.elementor-size-medium{font-size:19px}.elementor-widget-heading .elementor-heading-title.elementor-size-large{font-size:29px}.elementor-widget-heading .elementor-heading-title.elementor-size-xl{font-size:39px}.elementor-widget-heading .elementor-heading-title.elementor-size-xxl{font-size:59px}<\/style><div class=\"elementor-heading-title elementor-size-default\">Pumptrack<\/div>\t\t<\/div>\n\t\t\t\t<\/div>\n\t\t\t\t<div class=\"elementor-element elementor-element-41be923 elementor-widget elementor-widget-image\" data-id=\"41be923\" data-element_type=\"widget\" data-widget_type=\"image.default\">\n\t\t\t\t<div class=\"elementor-widget-container\">\n\t\t\t\t\t\t\t\t\t\t\t\t\t<img decoding=\"async\" width=\"800\" height=\"680\" src=\"https:\/\/landvanbartje.nu\/wp-content\/uploads\/2024\/01\/bord-pumptrack.png\" class=\"attachment-large size-large wp-image-2622\" alt=\"pumptrack - het land van Bartje\" srcset=\"https:\/\/landvanbartje.nu\/wp-content\/uploads\/2024\/01\/bord-pumptrack.png 800w, https:\/\/landvanbartje.nu\/wp-content\/uploads\/2024\/01\/bord-pumptrack-300x255.png 300w, https:\/\/landvanbartje.nu\/wp-content\/uploads\/2024\/01\/bord-pumptrack-768x653.png 768w, https:\/\/landvanbartje.nu\/wp-content\/uploads\/2024\/01\/bord-pumptrack-360x306.png 360w, https:\/\/landvanbartje.nu\/wp-content\/uploads\/2024\/01\/bord-pumptrack-600x510.png 600w\" sizes=\"(max-width: 800px) 100vw, 800px\" \/>\t\t\t\t\t\t\t\t\t\t\t\t\t<\/div>\n\t\t\t\t<\/div>\n\t\t\t\t\t<\/div>\n\t\t\t\t<\/div>\n\t\t\t\t<div class=\"elementor-element elementor-element-c850bcc elementor-arrows-position-inside elementor-pagination-position-outside elementor-widget elementor-widget-image-carousel\" data-id=\"c850bcc\" data-element_type=\"widget\" data-settings=\"{&quot;navigation&quot;:&quot;both&quot;,&quot;autoplay&quot;:&quot;yes&quot;,&quot;pause_on_hover&quot;:&quot;yes&quot;,&quot;pause_on_interaction&quot;:&quot;yes&quot;,&quot;autoplay_speed&quot;:5000,&quot;infinite&quot;:&quot;yes&quot;,&quot;speed&quot;:500}\" data-widget_type=\"image-carousel.default\">\n\t\t\t\t<div class=\"elementor-widget-container\">\n\t\t\t<style>\/*! elementor - v3.21.0 - 26-05-2024 *\/\n.elementor-widget-image-carousel .swiper,.elementor-widget-image-carousel .swiper-container{position:static}.elementor-widget-image-carousel .swiper-container .swiper-slide figure,.elementor-widget-image-carousel .swiper .swiper-slide figure{line-height:inherit}.elementor-widget-image-carousel .swiper-slide{text-align:center}.elementor-image-carousel-wrapper:not(.swiper-container-initialized):not(.swiper-initialized) .swiper-slide{max-width:calc(100% \/ var(--e-image-carousel-slides-to-show, 3))}<\/style>\t\t<div class=\"elementor-image-carousel-wrapper swiper\" dir=\"ltr\">\n\t\t\t<div class=\"elementor-image-carousel swiper-wrapper\" aria-live=\"off\">\n\t\t\t\t\t\t\t\t<div class=\"swiper-slide\" role=\"group\" aria-roledescription=\"slide\" aria-label=\"1 von 11\"><figure class=\"swiper-slide-inner\"><img decoding=\"async\" class=\"swiper-slide-image\" src=\"https:\/\/landvanbartje.nu\/wp-content\/uploads\/2023\/12\/LJE_05_328223-150x150.jpg\" alt=\"Pumptrackbaan - Het Land van Bartje\" \/><\/figure><\/div><div class=\"swiper-slide\" role=\"group\" aria-roledescription=\"slide\" aria-label=\"2 von 11\"><figure class=\"swiper-slide-inner\"><img decoding=\"async\" class=\"swiper-slide-image\" src=\"https:\/\/landvanbartje.nu\/wp-content\/uploads\/2023\/12\/LJE_05_328192-150x150.jpg\" alt=\"Pumptrack Het Land van Bartje\" \/><\/figure><\/div><div class=\"swiper-slide\" role=\"group\" aria-roledescription=\"slide\" aria-label=\"3 von 11\"><figure class=\"swiper-slide-inner\"><img decoding=\"async\" class=\"swiper-slide-image\" src=\"https:\/\/landvanbartje.nu\/wp-content\/uploads\/2024\/01\/LJE_05_328188-150x150.jpg\" alt=\"LJE_05_328188\" \/><\/figure><\/div><div class=\"swiper-slide\" role=\"group\" aria-roledescription=\"slide\" aria-label=\"4 von 11\"><figure class=\"swiper-slide-inner\"><img decoding=\"async\" class=\"swiper-slide-image\" src=\"https:\/\/landvanbartje.nu\/wp-content\/uploads\/2024\/01\/LJE_05_328195-150x150.jpg\" alt=\"LJE_05_328195\" \/><\/figure><\/div><div class=\"swiper-slide\" role=\"group\" aria-roledescription=\"slide\" aria-label=\"5 von 11\"><figure class=\"swiper-slide-inner\"><img decoding=\"async\" class=\"swiper-slide-image\" src=\"https:\/\/landvanbartje.nu\/wp-content\/uploads\/2024\/01\/LJE_05_328212-150x150.jpg\" alt=\"LJE_05_328212\" \/><\/figure><\/div><div class=\"swiper-slide\" role=\"group\" aria-roledescription=\"slide\" aria-label=\"6 von 11\"><figure class=\"swiper-slide-inner\"><img decoding=\"async\" class=\"swiper-slide-image\" src=\"https:\/\/landvanbartje.nu\/wp-content\/uploads\/2024\/01\/LJE_05_215324-150x150.jpg\" alt=\"Landal GreenParks_Land van Bartje\" \/><\/figure><\/div><div class=\"swiper-slide\" role=\"group\" aria-roledescription=\"slide\" aria-label=\"7 von 11\"><figure class=\"swiper-slide-inner\"><img decoding=\"async\" class=\"swiper-slide-image\" src=\"https:\/\/landvanbartje.nu\/wp-content\/uploads\/2024\/01\/LJE_05_328169-150x150.jpg\" alt=\"LJE_05_328169\" \/><\/figure><\/div><div class=\"swiper-slide\" role=\"group\" aria-roledescription=\"slide\" aria-label=\"8 von 11\"><figure class=\"swiper-slide-inner\"><img decoding=\"async\" class=\"swiper-slide-image\" src=\"https:\/\/landvanbartje.nu\/wp-content\/uploads\/2024\/01\/LJE_05_328122-150x150.jpg\" alt=\"LJE_05_328122\" \/><\/figure><\/div><div class=\"swiper-slide\" role=\"group\" aria-roledescription=\"slide\" aria-label=\"9 von 11\"><figure class=\"swiper-slide-inner\"><img decoding=\"async\" class=\"swiper-slide-image\" src=\"https:\/\/landvanbartje.nu\/wp-content\/uploads\/2024\/01\/LJE_05_328170-150x150.jpg\" alt=\"LJE_05_328170\" \/><\/figure><\/div><div class=\"swiper-slide\" role=\"group\" aria-roledescription=\"slide\" aria-label=\"10 von 11\"><figure class=\"swiper-slide-inner\"><img decoding=\"async\" class=\"swiper-slide-image\" src=\"https:\/\/landvanbartje.nu\/wp-content\/uploads\/2024\/01\/LJE_05_210540-150x150.jpg\" alt=\"Landal GreenParks_Land van Bartje\" \/><\/figure><\/div><div class=\"swiper-slide\" role=\"group\" aria-roledescription=\"slide\" aria-label=\"11 von 11\"><figure class=\"swiper-slide-inner\"><img decoding=\"async\" class=\"swiper-slide-image\" src=\"https:\/\/landvanbartje.nu\/wp-content\/uploads\/2024\/01\/LJE_05_328105-150x150.jpg\" alt=\"LJE_05_328105\" \/><\/figure><\/div>\t\t\t<\/div>\n\t\t\t\t\t\t\t\t\t\t\t\t<div class=\"elementor-swiper-button elementor-swiper-button-prev\" role=\"button\" tabindex=\"0\">\n\t\t\t\t\t\t<svg aria-hidden=\"true\" class=\"e-font-icon-svg e-eicon-chevron-left\" viewbox=\"0 0 1000 1000\" xmlns=\"http:\/\/www.w3.org\/2000\/svg\"><path d=\"M646 125C629 125 613 133 604 142L308 442C296 454 292 471 292 487 292 504 296 521 308 533L604 854C617 867 629 875 646 875 663 875 679 871 692 858 704 846 713 829 713 812 713 796 708 779 692 767L438 487 692 225C700 217 708 204 708 187 708 171 704 154 692 142 675 129 663 125 646 125Z\"><\/path><\/svg>\t\t\t\t\t<\/div>\n\t\t\t\t\t<div class=\"elementor-swiper-button elementor-swiper-button-next\" role=\"button\" tabindex=\"0\">\n\t\t\t\t\t\t<svg aria-hidden=\"true\" class=\"e-font-icon-svg e-eicon-chevron-right\" viewbox=\"0 0 1000 1000\" xmlns=\"http:\/\/www.w3.org\/2000\/svg\"><path d=\"M696 533C708 521 713 504 713 487 713 471 708 454 696 446L400 146C388 133 375 125 354 125 338 125 325 129 313 142 300 154 292 171 292 187 292 204 296 221 308 233L563 492 304 771C292 783 288 800 288 817 288 833 296 850 308 863 321 871 338 875 354 875 371 875 388 867 400 854L696 533Z\"><\/path><\/svg>\t\t\t\t\t<\/div>\n\t\t\t\t\n\t\t\t\t\t\t\t\t\t<div class=\"swiper-pagination\"><\/div>\n\t\t\t\t\t\t\t\t\t<\/div>\n\t\t\t\t<\/div>\n\t\t\t\t<\/div>\n\t\t\t\t<\/div>\n\t\t\t\t\t<\/div>\n\t\t\t\t<\/div>\n\t\t\t\t<\/div>","protected":false},"excerpt":{"rendered":"<p>Home MTB MTB (kinder) fietsen en helmen Fietsen Elektrische fietsen, kinderfietsen, bakfietsen en tandems Kinderfietsen Kinderfietsen, Kinder MTB, Sulky, Traktor, Loopfiets Defender Haal je rijbewijs in een echte defender Pumptrack stuntsteps en BMX Alles wat je nodig hebt om lekker los te gaan op de pumptrack Specials en overige Familiefietsen, skelters, traktor, tandems Lekker stunten &hellip;<\/p>\n<p class=\"read-more\"> <a class=\"\" href=\"https:\/\/landvanbartje.nu\/de\/reserveren\/pumptrack-stepjes-en-bmx\/\"> <span class=\"screen-reader-text\">Pumptrack steps en BMX<\/span> Weiterlesen &raquo;<\/a><\/p>","protected":false},"author":2,"featured_media":0,"parent":2459,"menu_order":0,"comment_status":"closed","ping_status":"closed","template":"","meta":{"rank_math_lock_modified_date":false,"site-sidebar-layout":"default","site-content-layout":"","ast-site-content-layout":"","site-content-style":"default","site-sidebar-style":"default","ast-global-header-display":"","ast-banner-title-visibility":"","ast-main-header-display":"","ast-hfb-above-header-display":"","ast-hfb-below-header-display":"","ast-hfb-mobile-header-display":"","site-post-title":"","ast-breadcrumbs-content":"","ast-featured-img":"","footer-sml-layout":"","theme-transparent-header-meta":"","adv-header-id-meta":"","stick-header-meta":"","header-above-stick-meta":"","header-main-stick-meta":"","header-below-stick-meta":"","astra-migrate-meta-layouts":"","ast-page-background-enabled":"default","ast-page-background-meta":{"desktop":{"background-color":"var(--ast-global-color-4)","background-image":"","background-repeat":"repeat","background-position":"center center","background-size":"auto","background-attachment":"scroll","background-type":"","background-media":"","overlay-type":"","overlay-color":"","overlay-gradient":""},"tablet":{"background-color":"","background-image":"","background-repeat":"repeat","background-position":"center center","background-size":"auto","background-attachment":"scroll","background-type":"","background-media":"","overlay-type":"","overlay-color":"","overlay-gradient":""},"mobile":{"background-color":"","background-image":"","background-repeat":"repeat","background-position":"center center","background-size":"auto","background-attachment":"scroll","background-type":"","background-media":"","overlay-type":"","overlay-color":"","overlay-gradient":""}},"ast-content-background-meta":{"desktop":{"background-color":"var(--ast-global-color-5)","background-image":"","background-repeat":"repeat","background-position":"center center","background-size":"auto","background-attachment":"scroll","background-type":"","background-media":"","overlay-type":"","overlay-color":"","overlay-gradient":""},"tablet":{"background-color":"var(--ast-global-color-5)","background-image":"","background-repeat":"repeat","background-position":"center center","background-size":"auto","background-attachment":"scroll","background-type":"","background-media":"","overlay-type":"","overlay-color":"","overlay-gradient":""},"mobile":{"background-color":"var(--ast-global-color-5)","background-image":"","background-repeat":"repeat","background-position":"center center","background-size":"auto","background-attachment":"scroll","background-type":"","background-media":"","overlay-type":"","overlay-color":"","overlay-gradient":""}},"footnotes":""},"categories":[77],"tags":[],"class_list":["post-2535","page","type-page","status-publish","hentry","category-fietsverhuur"],"_links":{"self":[{"href":"https:\/\/landvanbartje.nu\/de\/wp-json\/wp\/v2\/pages\/2535","targetHints":{"allow":["GET"]}}],"collection":[{"href":"https:\/\/landvanbartje.nu\/de\/wp-json\/wp\/v2\/pages"}],"about":[{"href":"https:\/\/landvanbartje.nu\/de\/wp-json\/wp\/v2\/types\/page"}],"author":[{"embeddable":true,"href":"https:\/\/landvanbartje.nu\/de\/wp-json\/wp\/v2\/users\/2"}],"replies":[{"embeddable":true,"href":"https:\/\/landvanbartje.nu\/de\/wp-json\/wp\/v2\/comments?post=2535"}],"version-history":[{"count":9,"href":"https:\/\/landvanbartje.nu\/de\/wp-json\/wp\/v2\/pages\/2535\/revisions"}],"predecessor-version":[{"id":6684,"href":"https:\/\/landvanbartje.nu\/de\/wp-json\/wp\/v2\/pages\/2535\/revisions\/6684"}],"up":[{"embeddable":true,"href":"https:\/\/landvanbartje.nu\/de\/wp-json\/wp\/v2\/pages\/2459"}],"wp:attachment":[{"href":"https:\/\/landvanbartje.nu\/de\/wp-json\/wp\/v2\/media?parent=2535"}],"wp:term":[{"taxonomy":"category","embeddable":true,"href":"https:\/\/landvanbartje.nu\/de\/wp-json\/wp\/v2\/categories?post=2535"},{"taxonomy":"post_tag","embeddable":true,"href":"https:\/\/landvanbartje.nu\/de\/wp-json\/wp\/v2\/tags?post=2535"}],"curies":[{"name":"wp","href":"https:\/\/api.w.org\/{rel}","templated":true}]}}